{"id":187,"date":"2013-06-02T19:02:25","date_gmt":"2013-06-02T19:02:25","guid":{"rendered":"http:\/\/fn.centroesteticafilo.es\/estetica-igualada\/?page_id=187"},"modified":"2018-02-26T16:15:05","modified_gmt":"2018-02-26T16:15:05","slug":"masajes","status":"publish","type":"page","link":"https:\/\/www.estetica-igualada.net\/estetica-igualada\/masajes\/","title":{"rendered":"Masajes"},"content":{"rendered":"<p><a id=\"arriba\" name=\"arriba\"><\/a><\/p>\n<h1 style=\"text-align: center; font-size: 18px;\"><span style=\"color: #000000;\"><a style=\"color: #000000;\" href=\"#relajantes\">Relajantes<\/a>\u00a0 | \u00a0<a style=\"color: #000000;\" href=\"#terapeuticos\">Terap\u00e9uticos<\/a><\/span><\/h1>\n<h2 style=\"text-align: left; border-bottom: solid; border-bottom-color: #666666; border-bottom-width: 1px;\">Relajantes<\/h2>\n<table style=\"border: 0px;\">\n<tbody>\n<tr>\n<td style=\"vertical-align: top; border: 0px;\">Los masajes relajantes son un tipo de tratamiento manual que se aplica en forma firme y progresiva con objeto de descargar la tensi\u00f3n acumulada sobre el cuerpo y calmar la mente. \u00a0 \u00a0El masaje relajante es un procedimiento externo, natural y relajado, sin efectos secundarios, que se aplica por medio de las manos y antebrazos, sin el auxilio de aparatos, pero s\u00ed con la ayuda de aceites y cremas, m\u00fasica adecuada, dentro de una atm\u00f3sfera que invita a la tranquilidad.<\/p>\n<p>&nbsp;<\/p>\n<p>&nbsp;<\/p>\n<p style=\"text-align: center;\"><span style=\"color: #000000;\"><a style=\"color: #000000;\" href=\"#arriba\">Arriba<\/a><\/span><\/p>\n<\/td>\n<td style=\"vertical-align: top; width: 45%; border: 0px;\"><img loading=\"lazy\" decoding=\"async\" data-attachment-id=\"186\" data-permalink=\"https:\/\/www.estetica-igualada.net\/estetica-igualada\/masajes\/masajes_terapeuticos_02\/\" data-orig-file=\"https:\/\/www.estetica-igualada.net\/estetica-igualada\/wp-content\/uploads\/2013\/06\/masajes_terapeuticos_02.jpg\" data-orig-size=\"334,284\" data-comments-opened=\"0\" data-image-meta=\"{&quot;aperture&quot;:&quot;0&quot;,&quot;credit&quot;:&quot;&quot;,&quot;camera&quot;:&quot;&quot;,&quot;caption&quot;:&quot;&quot;,&quot;created_timestamp&quot;:&quot;0&quot;,&quot;copyright&quot;:&quot;&quot;,&quot;focal_length&quot;:&quot;0&quot;,&quot;iso&quot;:&quot;0&quot;,&quot;shutter_speed&quot;:&quot;0&quot;,&quot;title&quot;:&quot;&quot;}\" data-image-title=\"masajes_terapeuticos_02\" data-image-description=\"\" data-image-caption=\"\" data-medium-file=\"https:\/\/www.estetica-igualada.net\/estetica-igualada\/wp-content\/uploads\/2013\/06\/masajes_terapeuticos_02-300x255.jpg\" data-large-file=\"https:\/\/www.estetica-igualada.net\/estetica-igualada\/wp-content\/uploads\/2013\/06\/masajes_terapeuticos_02.jpg\" class=\"aligncenter wp-image-186 size-medium\" style=\"border: 0px;\" src=\"http:\/\/www.estetica-igualada.net\/estetica-igualada\/wp-content\/uploads\/2013\/06\/masajes_terapeuticos_02-300x255.jpg\" alt=\"masajes_terapeuticos_02\" width=\"300\" height=\"255\" srcset=\"https:\/\/www.estetica-igualada.net\/estetica-igualada\/wp-content\/uploads\/2013\/06\/masajes_terapeuticos_02-300x255.jpg 300w, https:\/\/www.estetica-igualada.net\/estetica-igualada\/wp-content\/uploads\/2013\/06\/masajes_terapeuticos_02.jpg 334w\" sizes=\"auto, (max-width: 300px) 100vw, 300px\" \/><\/td>\n<\/tr>\n<\/tbody>\n<\/table>\n<p><!--terapeuticos--><br \/>\n<a id=\"terapeuticos\" name=\"terapeuticos\"><\/a><\/p>\n<h2 style=\"text-align: left; border-bottom: solid; border-bottom-color: #666666; border-bottom-width: 1px;\">Terap\u00e9uticos<\/h2>\n<table style=\"border: 0px;\">\n<tbody>\n<tr>\n<td style=\"vertical-align: top; border: 0px;\">La salud de nuestro organismo depende de la salud de nuestras c\u00e9lulas. Las c\u00e9lulas a su vez dependen de un abundante flujo de sangre y linfa, que ayuda a llevar nutrientes a las c\u00e9lulas y a eliminar impurezas y sustancias t\u00f3xicas.El masaje terap\u00e9utico aporta oxigeno a la sangre, ayuda a liberar sustancias llamadas endorfinas, ayuda a mantener la musculatura flexible y ayuda a reducir el estr\u00e9s.Este tipo de masaje es efectivo como medio para aliviar condiciones causadas por tensiones nerviosas y dolores musculares de espalda as\u00ed como para mejorar la condici\u00f3n de la piel.<\/p>\n<p><strong>Ayurveda:<\/strong>El masaje ayurvedico a diferencia del masaje tradicional, proporciona equilibrio, salud y felicidad sin igual, gracias a las diferentes t\u00e9cnicas de masaje que se utilizan en funci\u00f3n del tipo de persona.Es una combinaci\u00f3n de olores, colores, y todo en el mejor ambiente.<br \/>\nCombinaci\u00f3n de masaje y productos medicados.<span style=\"font-weight: bold;\">AYUR<\/span> significa Vida y la palabra <span style=\"font-weight: bold;\">VEDA<\/span> significa Conocimiento.<br \/>\n<span style=\"font-weight: bold;\">AYURVEDA<\/span>, es un milenario sistema medicinal ind\u00fa, es una <span style=\"font-style: italic;\">Ciencia de la Vida.<\/span>+ info: <span style=\"color: #3366ff;\"><a style=\"color: #3366ff;\" title=\"jeevan ayurveda\" href=\"http:\/\/www.jeevan-ayurveda.com\" target=\"_blank\">http:\/\/www.jeevan-ayurveda.com<\/a><\/span><\/p>\n<p><strong>CROMOTERAPIA<\/strong>: Terapia basada en el uso de los colores para equilibrar las emociones.<\/p>\n<p>\u00bb Percibimos a trav\u00e9s de los SENTIDOS y nos expresamos a trav\u00e9s de las EMOCIONES\u00bb<\/p>\n<p style=\"text-align: center;\"><span style=\"color: #000000;\"><a style=\"color: #000000;\" href=\"#arriba\">Arriba<\/a><\/span><\/p>\n<\/td>\n<td style=\"vertical-align: top; width: 45%; border: 0px;\"><a href=\"http:\/\/www.estetica-igualada.net\/estetica-igualada\/wp-content\/uploads\/2013\/06\/masajes_terapeuticos_01.jpg\"><img loading=\"lazy\" decoding=\"async\" data-attachment-id=\"185\" data-permalink=\"https:\/\/www.estetica-igualada.net\/estetica-igualada\/masajes\/masajes_terapeuticos_01\/\" data-orig-file=\"https:\/\/www.estetica-igualada.net\/estetica-igualada\/wp-content\/uploads\/2013\/06\/masajes_terapeuticos_01.jpg\" data-orig-size=\"334,284\" data-comments-opened=\"0\" data-image-meta=\"{&quot;aperture&quot;:&quot;0&quot;,&quot;credit&quot;:&quot;&quot;,&quot;camera&quot;:&quot;&quot;,&quot;caption&quot;:&quot;&quot;,&quot;created_timestamp&quot;:&quot;0&quot;,&quot;copyright&quot;:&quot;&quot;,&quot;focal_length&quot;:&quot;0&quot;,&quot;iso&quot;:&quot;0&quot;,&quot;shutter_speed&quot;:&quot;0&quot;,&quot;title&quot;:&quot;&quot;}\" data-image-title=\"masajes_terapeuticos_01\" data-image-description=\"\" data-image-caption=\"\" data-medium-file=\"https:\/\/www.estetica-igualada.net\/estetica-igualada\/wp-content\/uploads\/2013\/06\/masajes_terapeuticos_01-300x255.jpg\" data-large-file=\"https:\/\/www.estetica-igualada.net\/estetica-igualada\/wp-content\/uploads\/2013\/06\/masajes_terapeuticos_01.jpg\" class=\"alignnone wp-image-185 size-medium\" style=\"border: 0px;\" src=\"http:\/\/www.estetica-igualada.net\/estetica-igualada\/wp-content\/uploads\/2013\/06\/masajes_terapeuticos_01-300x255.jpg\" alt=\"\" width=\"300\" height=\"255\" srcset=\"https:\/\/www.estetica-igualada.net\/estetica-igualada\/wp-content\/uploads\/2013\/06\/masajes_terapeuticos_01-300x255.jpg 300w, https:\/\/www.estetica-igualada.net\/estetica-igualada\/wp-content\/uploads\/2013\/06\/masajes_terapeuticos_01.jpg 334w\" sizes=\"auto, (max-width: 300px) 100vw, 300px\" \/><\/a><\/td>\n<\/tr>\n<\/tbody>\n<\/table>\n","protected":false},"excerpt":{"rendered":"<p>Relajantes\u00a0 | \u00a0Terap\u00e9uticos Relajantes Los masajes relajantes son un tipo de tratamiento manual que se aplica en forma firme y progresiva con objeto de descargar la tensi\u00f3n acumulada sobre el cuerpo y calmar la mente. \u00a0 \u00a0El masaje relajante es &hellip; <a href=\"https:\/\/www.estetica-igualada.net\/estetica-igualada\/masajes\/\">Sigue leyendo <span class=\"meta-nav\">&rarr;<\/span><\/a><\/p>\n","protected":false},"author":1,"featured_media":0,"parent":0,"menu_order":2,"comment_status":"closed","ping_status":"closed","template":"","meta":{"jetpack_post_was_ever_published":false,"footnotes":""},"class_list":["post-187","page","type-page","status-publish","hentry"],"jetpack_sharing_enabled":true,"jetpack_shortlink":"https:\/\/wp.me\/P30xPF-31","_links":{"self":[{"href":"https:\/\/www.estetica-igualada.net\/estetica-igualada\/wp-json\/wp\/v2\/pages\/187","targetHints":{"allow":["GET"]}}],"collection":[{"href":"https:\/\/www.estetica-igualada.net\/estetica-igualada\/wp-json\/wp\/v2\/pages"}],"about":[{"href":"https:\/\/www.estetica-igualada.net\/estetica-igualada\/wp-json\/wp\/v2\/types\/page"}],"author":[{"embeddable":true,"href":"https:\/\/www.estetica-igualada.net\/estetica-igualada\/wp-json\/wp\/v2\/users\/1"}],"replies":[{"embeddable":true,"href":"https:\/\/www.estetica-igualada.net\/estetica-igualada\/wp-json\/wp\/v2\/comments?post=187"}],"version-history":[{"count":18,"href":"https:\/\/www.estetica-igualada.net\/estetica-igualada\/wp-json\/wp\/v2\/pages\/187\/revisions"}],"predecessor-version":[{"id":468,"href":"https:\/\/www.estetica-igualada.net\/estetica-igualada\/wp-json\/wp\/v2\/pages\/187\/revisions\/468"}],"wp:attachment":[{"href":"https:\/\/www.estetica-igualada.net\/estetica-igualada\/wp-json\/wp\/v2\/media?parent=187"}],"curies":[{"name":"wp","href":"https:\/\/api.w.org\/{rel}","templated":true}]}}