{"id":120,"date":"2013-05-05T11:31:44","date_gmt":"2013-05-05T11:31:44","guid":{"rendered":"http:\/\/fn.centroesteticafilo.es\/estetica-igualada\/?page_id=120"},"modified":"2016-09-26T09:16:30","modified_gmt":"2016-09-26T09:16:30","slug":"tratamientos","status":"publish","type":"page","link":"https:\/\/www.estetica-igualada.net\/estetica-igualada\/tratamientos\/","title":{"rendered":"Tratamientos"},"content":{"rendered":"<p><a id=\"arriba\" name=\"arriba\"><\/a><\/p>\n<h1 style=\"text-align: center; font-size: 18px;\"><span style=\"color: #000000;\"><a style=\"color: #000000;\" href=\"#faciales\">Faciales<\/a> | <a style=\"color: #000000;\" href=\"#corporales\">Corporales<\/a><\/span><\/h1>\n<p><a id=\"faciales\" name=\"faciales\"><\/a><\/p>\n<h2 style=\"text-align: left; border-bottom: solid; border-bottom-color: #666666; border-bottom-width: 1px;\">Faciales<\/h2>\n<p>&nbsp;<\/p>\n<table style=\"border: 0px;\">\n<tbody>\n<tr>\n<td style=\"vertical-align: top; border: 0px;\">Eliminar las c\u00e9lulas muertas que cada d\u00eda se acumulan en la superficie de la epidermis, es la mejor forma de preparar la piel para recibir los tratamientos adaptados y optimizar la penetraci\u00f3n de sus activos. Es el primer gesto de belleza, una etapa indispensable en el tratamiento.Cada tipo de piel presenta sus propias caracter\u00edsticas. La piel, para estar en forma ahora y durante mucho tiempo, necesita un tratamiento regular a medida.<\/p>\n<ul>\n<li>Higiene Facial: Christina, Jeevan Ayurveda y Phytobiodermie<\/li>\n<li>Hidrataci\u00f3n y Nutrici\u00f3n<\/li>\n<li>Oxigenaci\u00f3n<\/li>\n<li>Anti-age<\/li>\n<li>Acn\u00e9<\/li>\n<li>Mesoterapia<\/li>\n<\/ul>\n<p style=\"text-align: center;\"><span style=\"color: #000000;\"><a style=\"color: #000000;\" href=\"#arriba\">Arriba<\/a><\/span><\/p>\n<\/td>\n<td style=\"vertical-align: top; width: 45%; border: 0px;\"><a href=\"http:\/\/www.estetica-igualada.net\/estetica-igualada\/wp-content\/uploads\/2013\/05\/mujer-con-orquidea.jpg\"><img loading=\"lazy\" decoding=\"async\" data-attachment-id=\"398\" data-permalink=\"https:\/\/www.estetica-igualada.net\/estetica-igualada\/tratamientos\/mujer-con-orquidea\/\" data-orig-file=\"https:\/\/www.estetica-igualada.net\/estetica-igualada\/wp-content\/uploads\/2013\/05\/mujer-con-orquidea.jpg\" data-orig-size=\"515,345\" data-comments-opened=\"0\" data-image-meta=\"{&quot;aperture&quot;:&quot;0&quot;,&quot;credit&quot;:&quot;&quot;,&quot;camera&quot;:&quot;&quot;,&quot;caption&quot;:&quot;&quot;,&quot;created_timestamp&quot;:&quot;0&quot;,&quot;copyright&quot;:&quot;&quot;,&quot;focal_length&quot;:&quot;0&quot;,&quot;iso&quot;:&quot;0&quot;,&quot;shutter_speed&quot;:&quot;0&quot;,&quot;title&quot;:&quot;&quot;,&quot;orientation&quot;:&quot;0&quot;}\" data-image-title=\"mujer con orquidea\" data-image-description=\"\" data-image-caption=\"\" data-medium-file=\"https:\/\/www.estetica-igualada.net\/estetica-igualada\/wp-content\/uploads\/2013\/05\/mujer-con-orquidea-300x201.jpg\" data-large-file=\"https:\/\/www.estetica-igualada.net\/estetica-igualada\/wp-content\/uploads\/2013\/05\/mujer-con-orquidea.jpg\" class=\"alignnone wp-image-398 size-medium\" style=\"border: 0;\" src=\"http:\/\/www.estetica-igualada.net\/estetica-igualada\/wp-content\/uploads\/2013\/05\/mujer-con-orquidea-300x201.jpg\" alt=\"\" width=\"300\" height=\"201\" srcset=\"https:\/\/www.estetica-igualada.net\/estetica-igualada\/wp-content\/uploads\/2013\/05\/mujer-con-orquidea-300x201.jpg 300w, https:\/\/www.estetica-igualada.net\/estetica-igualada\/wp-content\/uploads\/2013\/05\/mujer-con-orquidea-448x300.jpg 448w, https:\/\/www.estetica-igualada.net\/estetica-igualada\/wp-content\/uploads\/2013\/05\/mujer-con-orquidea.jpg 515w\" sizes=\"auto, (max-width: 300px) 100vw, 300px\" \/><\/a><\/td>\n<\/tr>\n<\/tbody>\n<\/table>\n<p><a id=\"corporales\" name=\"corporales\"><\/a><\/p>\n<h2 style=\"text-align: left; border-bottom: solid; border-bottom-color: #666666; border-bottom-width: 1px;\">Corporales<\/h2>\n<table style=\"border: 0px;\">\n<tbody>\n<tr>\n<td style=\"vertical-align: top; border: 0px;\">En un entorno de constante evoluci\u00f3n, hombres y mujeres se afanan cada vez m\u00e1s en la b\u00fasqueda de bienestar y armon\u00eda. M\u00e1s all\u00e1 de la apariencia, existe un empe\u00f1o por redescubrir el cuerpo.Como respuesta a esta demanda en fuerte crecimiento y gracias a nuestra experiencia, este centro ofrece los elementos esenciales para dar la respuesta m\u00e1s adecuada.Una selecci\u00f3n de t\u00e9cnicas adaptadas a los objetivos de cada tratamiento y un verdadero momento de bienestar para el cuerpo y el esp\u00edritu.<\/p>\n<ul>\n<li>Tratamientos Ayurvedicos<\/li>\n<li>Peeling con Hidrataci\u00f3n<\/li>\n<li>Anticelul\u00edticos<\/li>\n<li>Reductores<\/li>\n<li>Reafirmantes<\/li>\n<li>Mesoterapia<\/li>\n<\/ul>\n<p style=\"text-align: center;\"><span style=\"color: #000000;\"><a style=\"color: #000000;\" href=\"#arriba\">Arriba<\/a><\/span><\/p>\n<\/td>\n<td style=\"vertical-align: top; width: 45%; border: 0px;\"><a href=\"http:\/\/www.estetica-igualada.net\/estetica-igualada\/wp-content\/uploads\/2013\/05\/corps.jpg\"><img loading=\"lazy\" decoding=\"async\" data-attachment-id=\"400\" data-permalink=\"https:\/\/www.estetica-igualada.net\/estetica-igualada\/tratamientos\/corps\/\" data-orig-file=\"https:\/\/www.estetica-igualada.net\/estetica-igualada\/wp-content\/uploads\/2013\/05\/corps.jpg\" data-orig-size=\"300,300\" data-comments-opened=\"0\" data-image-meta=\"{&quot;aperture&quot;:&quot;0&quot;,&quot;credit&quot;:&quot;&quot;,&quot;camera&quot;:&quot;&quot;,&quot;caption&quot;:&quot;&quot;,&quot;created_timestamp&quot;:&quot;0&quot;,&quot;copyright&quot;:&quot;&quot;,&quot;focal_length&quot;:&quot;0&quot;,&quot;iso&quot;:&quot;0&quot;,&quot;shutter_speed&quot;:&quot;0&quot;,&quot;title&quot;:&quot;&quot;,&quot;orientation&quot;:&quot;0&quot;}\" data-image-title=\"corps\" data-image-description=\"\" data-image-caption=\"\" data-medium-file=\"https:\/\/www.estetica-igualada.net\/estetica-igualada\/wp-content\/uploads\/2013\/05\/corps.jpg\" data-large-file=\"https:\/\/www.estetica-igualada.net\/estetica-igualada\/wp-content\/uploads\/2013\/05\/corps.jpg\" class=\"alignnone wp-image-400 size-full\" style=\"border: 0;\" src=\"http:\/\/www.estetica-igualada.net\/estetica-igualada\/wp-content\/uploads\/2013\/05\/corps.jpg\" alt=\"\" width=\"300\" height=\"300\" srcset=\"https:\/\/www.estetica-igualada.net\/estetica-igualada\/wp-content\/uploads\/2013\/05\/corps.jpg 300w, https:\/\/www.estetica-igualada.net\/estetica-igualada\/wp-content\/uploads\/2013\/05\/corps-150x150.jpg 150w, https:\/\/www.estetica-igualada.net\/estetica-igualada\/wp-content\/uploads\/2013\/05\/corps-144x144.jpg 144w\" sizes=\"auto, (max-width: 300px) 100vw, 300px\" \/><\/a><\/td>\n<\/tr>\n<\/tbody>\n<\/table>\n","protected":false},"excerpt":{"rendered":"<p>Faciales | Corporales Faciales &nbsp; Eliminar las c\u00e9lulas muertas que cada d\u00eda se acumulan en la superficie de la epidermis, es la mejor forma de preparar la piel para recibir los tratamientos adaptados y optimizar la penetraci\u00f3n de sus activos. &hellip; <a href=\"https:\/\/www.estetica-igualada.net\/estetica-igualada\/tratamientos\/\">Sigue leyendo <span class=\"meta-nav\">&rarr;<\/span><\/a><\/p>\n","protected":false},"author":1,"featured_media":0,"parent":0,"menu_order":1,"comment_status":"closed","ping_status":"closed","template":"","meta":{"jetpack_post_was_ever_published":false,"footnotes":""},"class_list":["post-120","page","type-page","status-publish","hentry"],"jetpack_sharing_enabled":true,"jetpack_shortlink":"https:\/\/wp.me\/P30xPF-1W","_links":{"self":[{"href":"https:\/\/www.estetica-igualada.net\/estetica-igualada\/wp-json\/wp\/v2\/pages\/120","targetHints":{"allow":["GET"]}}],"collection":[{"href":"https:\/\/www.estetica-igualada.net\/estetica-igualada\/wp-json\/wp\/v2\/pages"}],"about":[{"href":"https:\/\/www.estetica-igualada.net\/estetica-igualada\/wp-json\/wp\/v2\/types\/page"}],"author":[{"embeddable":true,"href":"https:\/\/www.estetica-igualada.net\/estetica-igualada\/wp-json\/wp\/v2\/users\/1"}],"replies":[{"embeddable":true,"href":"https:\/\/www.estetica-igualada.net\/estetica-igualada\/wp-json\/wp\/v2\/comments?post=120"}],"version-history":[{"count":41,"href":"https:\/\/www.estetica-igualada.net\/estetica-igualada\/wp-json\/wp\/v2\/pages\/120\/revisions"}],"predecessor-version":[{"id":125,"href":"https:\/\/www.estetica-igualada.net\/estetica-igualada\/wp-json\/wp\/v2\/pages\/120\/revisions\/125"}],"wp:attachment":[{"href":"https:\/\/www.estetica-igualada.net\/estetica-igualada\/wp-json\/wp\/v2\/media?parent=120"}],"curies":[{"name":"wp","href":"https:\/\/api.w.org\/{rel}","templated":true}]}}